{"id":50,"date":"2024-02-19T12:34:05","date_gmt":"2024-02-19T12:34:05","guid":{"rendered":"https:\/\/mrbenzholzbau.ch\/?page_id=50"},"modified":"2024-02-19T18:22:44","modified_gmt":"2024-02-19T18:22:44","slug":"dachfenster-2","status":"publish","type":"page","link":"https:\/\/mrbenzholzbau.ch\/index.php\/dachfenster-2\/","title":{"rendered":"Dachfenster"},"content":{"rendered":"<p>Bringen Sie Licht und die Sonne ins Haus oder Wohnung. Mit einem neuen kleinen oder grossen Dachfenster bringen Sie schnell und einfach viel Licht in Ihre R\u00e4ume. Sei es im Badezimmer \u00fcber der Badewanne mit blick in den Himmel oder doch im Schlafzimmer \u00fcber dem Bett die Sterne beobachten?<\/p>\n<p>Nat\u00fcrlich ersetzte ich gerne auch Ihre alten Dachfenster durch neue.<\/p>\n<p>Gerne berate ich Sie und wir finden gemeinsam die richtige L\u00f6sung und das richtige Produkt<\/p>\n","protected":false},"excerpt":{"rendered":"<p>Bringen Sie Licht und die Sonne ins Haus oder Wohnung. Mit einem neuen kleinen oder grossen Dachfenster bringen Sie schnell [&hellip;]<\/p>\n","protected":false},"author":1,"featured_media":0,"parent":0,"menu_order":0,"comment_status":"closed","ping_status":"closed","template":"","meta":{"site-sidebar-layout":"default","site-content-layout":"","ast-site-content-layout":"default","site-content-style":"default","site-sidebar-style":"default","ast-global-header-display":"","ast-banner-title-visibility":"","ast-main-header-display":"","ast-hfb-above-header-display":"","ast-hfb-below-header-display":"","ast-hfb-mobile-header-display":"","site-post-title":"","ast-breadcrumbs-content":"","ast-featured-img":"","footer-sml-layout":"","ast-disable-related-posts":"","theme-transparent-header-meta":"default","adv-header-id-meta":"","stick-header-meta":"","header-above-stick-meta":"","header-main-stick-meta":"","header-below-stick-meta":"","astra-migrate-meta-layouts":"set","ast-page-background-enabled":"default","ast-page-background-meta":{"desktop":{"background-color":"var(--ast-global-color-4)","background-image":"","background-repeat":"repeat","background-position":"center center","background-size":"auto","background-attachment":"scroll","background-type":"","background-media":"","overlay-type":"","overlay-color":"","overlay-opacity":"","overlay-gradient":""},"tablet":{"background-color":"","background-image":"","background-repeat":"repeat","background-position":"center center","background-size":"auto","background-attachment":"scroll","background-type":"","background-media":"","overlay-type":"","overlay-color":"","overlay-opacity":"","overlay-gradient":""},"mobile":{"background-color":"","background-image":"","background-repeat":"repeat","background-position":"center center","background-size":"auto","background-attachment":"scroll","background-type":"","background-media":"","overlay-type":"","overlay-color":"","overlay-opacity":"","overlay-gradient":""}},"ast-content-background-meta":{"desktop":{"background-color":"var(--ast-global-color-5)","background-image":"","background-repeat":"repeat","background-position":"center center","background-size":"auto","background-attachment":"scroll","background-type":"","background-media":"","overlay-type":"","overlay-color":"","overlay-opacity":"","overlay-gradient":""},"tablet":{"background-color":"var(--ast-global-color-5)","background-image":"","background-repeat":"repeat","background-position":"center center","background-size":"auto","background-attachment":"scroll","background-type":"","background-media":"","overlay-type":"","overlay-color":"","overlay-opacity":"","overlay-gradient":""},"mobile":{"background-color":"var(--ast-global-color-5)","background-image":"","background-repeat":"repeat","background-position":"center center","background-size":"auto","background-attachment":"scroll","background-type":"","background-media":"","overlay-type":"","overlay-color":"","overlay-opacity":"","overlay-gradient":""}},"footnotes":""},"class_list":["post-50","page","type-page","status-publish","hentry"],"_links":{"self":[{"href":"https:\/\/mrbenzholzbau.ch\/index.php\/wp-json\/wp\/v2\/pages\/50","targetHints":{"allow":["GET"]}}],"collection":[{"href":"https:\/\/mrbenzholzbau.ch\/index.php\/wp-json\/wp\/v2\/pages"}],"about":[{"href":"https:\/\/mrbenzholzbau.ch\/index.php\/wp-json\/wp\/v2\/types\/page"}],"author":[{"embeddable":true,"href":"https:\/\/mrbenzholzbau.ch\/index.php\/wp-json\/wp\/v2\/users\/1"}],"replies":[{"embeddable":true,"href":"https:\/\/mrbenzholzbau.ch\/index.php\/wp-json\/wp\/v2\/comments?post=50"}],"version-history":[{"count":5,"href":"https:\/\/mrbenzholzbau.ch\/index.php\/wp-json\/wp\/v2\/pages\/50\/revisions"}],"predecessor-version":[{"id":124,"href":"https:\/\/mrbenzholzbau.ch\/index.php\/wp-json\/wp\/v2\/pages\/50\/revisions\/124"}],"wp:attachment":[{"href":"https:\/\/mrbenzholzbau.ch\/index.php\/wp-json\/wp\/v2\/media?parent=50"}],"curies":[{"name":"wp","href":"https:\/\/api.w.org\/{rel}","templated":true}]}}