{"id":28,"date":"2024-02-19T12:21:12","date_gmt":"2024-02-19T12:21:12","guid":{"rendered":"https:\/\/mrbenzholzbau.ch\/?page_id=28"},"modified":"2025-03-25T08:46:09","modified_gmt":"2025-03-25T08:46:09","slug":"ueber-mich","status":"publish","type":"page","link":"https:\/\/mrbenzholzbau.ch\/index.php\/ueber-mich\/","title":{"rendered":"\u00dcber mich"},"content":{"rendered":"<p>Guten Tag, ich heisse Raphael Benz meine Frau Michelle Benz und ich, sind gl\u00fccklich verheiratet und haben 3 wundervolle Kinder. Meine Freizeit verbringe ich gerne draussen im gr\u00fcnen an der frischen Luft mit der Familie und freunden. Ich habe meine Lehre als Zimmermann im 2008 erfolgreich abgeschlossen. Nach ein paar Jahren habe ich im 2016 noch eine Weiterbildung als Holzbauvorarbeiter begonnen und auch diese erfolgreich abgeschlossen. Nun nach 16 Jahren Berufserfahrung, habe ich im Februar 2024 den grossen Schritt in die Selbstst\u00e4ndigkeit gemacht. F\u00fcr eine fachgerechte Ausf\u00fchrung meiner Arbeiten wird garantiert. Ich bin stehts freundlich und motiviert eine tolle Arbeit zu machen.<\/p>\n<hr \/>\n<p><img loading=\"lazy\" decoding=\"async\" class=\"alignnone wp-image-209\" src=\"https:\/\/mrbenzholzbau.ch\/wp-content\/uploads\/2024\/02\/20240212_161345-300x169.jpg\" alt=\"\" width=\"325\" height=\"183\" srcset=\"https:\/\/mrbenzholzbau.ch\/wp-content\/uploads\/2024\/02\/20240212_161345-300x169.jpg 300w, https:\/\/mrbenzholzbau.ch\/wp-content\/uploads\/2024\/02\/20240212_161345-1024x576.jpg 1024w, https:\/\/mrbenzholzbau.ch\/wp-content\/uploads\/2024\/02\/20240212_161345-768x432.jpg 768w, https:\/\/mrbenzholzbau.ch\/wp-content\/uploads\/2024\/02\/20240212_161345-1536x864.jpg 1536w, https:\/\/mrbenzholzbau.ch\/wp-content\/uploads\/2024\/02\/20240212_161345-2048x1153.jpg 2048w\" sizes=\"auto, (max-width: 325px) 100vw, 325px\" \/> <img loading=\"lazy\" decoding=\"async\" class=\"alignnone wp-image-210\" src=\"https:\/\/mrbenzholzbau.ch\/wp-content\/uploads\/2024\/02\/20240219_164423-300x169.jpg\" alt=\"\" width=\"325\" height=\"183\" srcset=\"https:\/\/mrbenzholzbau.ch\/wp-content\/uploads\/2024\/02\/20240219_164423-300x169.jpg 300w, https:\/\/mrbenzholzbau.ch\/wp-content\/uploads\/2024\/02\/20240219_164423-1024x576.jpg 1024w, https:\/\/mrbenzholzbau.ch\/wp-content\/uploads\/2024\/02\/20240219_164423-768x432.jpg 768w, https:\/\/mrbenzholzbau.ch\/wp-content\/uploads\/2024\/02\/20240219_164423-1536x864.jpg 1536w, https:\/\/mrbenzholzbau.ch\/wp-content\/uploads\/2024\/02\/20240219_164423-2048x1153.jpg 2048w\" sizes=\"auto, (max-width: 325px) 100vw, 325px\" \/> <img loading=\"lazy\" decoding=\"async\" class=\"alignnone wp-image-211\" src=\"https:\/\/mrbenzholzbau.ch\/wp-content\/uploads\/2024\/02\/20240219_164442-300x169.jpg\" alt=\"\" width=\"325\" height=\"183\" srcset=\"https:\/\/mrbenzholzbau.ch\/wp-content\/uploads\/2024\/02\/20240219_164442-300x169.jpg 300w, https:\/\/mrbenzholzbau.ch\/wp-content\/uploads\/2024\/02\/20240219_164442-1024x576.jpg 1024w, https:\/\/mrbenzholzbau.ch\/wp-content\/uploads\/2024\/02\/20240219_164442-768x432.jpg 768w, https:\/\/mrbenzholzbau.ch\/wp-content\/uploads\/2024\/02\/20240219_164442-1536x864.jpg 1536w, https:\/\/mrbenzholzbau.ch\/wp-content\/uploads\/2024\/02\/20240219_164442-2048x1153.jpg 2048w\" sizes=\"auto, (max-width: 325px) 100vw, 325px\" \/><\/p>\n<hr \/>\n<p style=\"text-align: center;\"><img loading=\"lazy\" decoding=\"async\" class=\"alignnone wp-image-214\" src=\"https:\/\/mrbenzholzbau.ch\/wp-content\/uploads\/2024\/02\/1976-225x300.jpg\" alt=\"\" width=\"323\" height=\"430\" srcset=\"https:\/\/mrbenzholzbau.ch\/wp-content\/uploads\/2024\/02\/1976-225x300.jpg 225w, https:\/\/mrbenzholzbau.ch\/wp-content\/uploads\/2024\/02\/1976.jpg 512w\" sizes=\"auto, (max-width: 323px) 100vw, 323px\" \/><\/p>\n<p>&nbsp;<\/p>\n","protected":false},"excerpt":{"rendered":"<p>Guten Tag, ich heisse Raphael Benz meine Frau Michelle Benz und ich, sind gl\u00fccklich verheiratet und haben 3 wundervolle Kinder. [&hellip;]<\/p>\n","protected":false},"author":1,"featured_media":0,"parent":0,"menu_order":0,"comment_status":"closed","ping_status":"closed","template":"","meta":{"site-sidebar-layout":"default","site-content-layout":"","ast-site-content-layout":"default","site-content-style":"default","site-sidebar-style":"default","ast-global-header-display":"","ast-banner-title-visibility":"","ast-main-header-display":"","ast-hfb-above-header-display":"","ast-hfb-below-header-display":"","ast-hfb-mobile-header-display":"","site-post-title":"","ast-breadcrumbs-content":"","ast-featured-img":"","footer-sml-layout":"","ast-disable-related-posts":"","theme-transparent-header-meta":"default","adv-header-id-meta":"","stick-header-meta":"","header-above-stick-meta":"","header-main-stick-meta":"","header-below-stick-meta":"","astra-migrate-meta-layouts":"set","ast-page-background-enabled":"default","ast-page-background-meta":{"desktop":{"background-color":"var(--ast-global-color-4)","background-image":"","background-repeat":"repeat","background-position":"center center","background-size":"auto","background-attachment":"scroll","background-type":"","background-media":"","overlay-type":"","overlay-color":"","overlay-opacity":"","overlay-gradient":""},"tablet":{"background-color":"","background-image":"","background-repeat":"repeat","background-position":"center center","background-size":"auto","background-attachment":"scroll","background-type":"","background-media":"","overlay-type":"","overlay-color":"","overlay-opacity":"","overlay-gradient":""},"mobile":{"background-color":"","background-image":"","background-repeat":"repeat","background-position":"center center","background-size":"auto","background-attachment":"scroll","background-type":"","background-media":"","overlay-type":"","overlay-color":"","overlay-opacity":"","overlay-gradient":""}},"ast-content-background-meta":{"desktop":{"background-color":"var(--ast-global-color-5)","background-image":"","background-repeat":"repeat","background-position":"center center","background-size":"auto","background-attachment":"scroll","background-type":"","background-media":"","overlay-type":"","overlay-color":"","overlay-opacity":"","overlay-gradient":""},"tablet":{"background-color":"var(--ast-global-color-5)","background-image":"","background-repeat":"repeat","background-position":"center center","background-size":"auto","background-attachment":"scroll","background-type":"","background-media":"","overlay-type":"","overlay-color":"","overlay-opacity":"","overlay-gradient":""},"mobile":{"background-color":"var(--ast-global-color-5)","background-image":"","background-repeat":"repeat","background-position":"center center","background-size":"auto","background-attachment":"scroll","background-type":"","background-media":"","overlay-type":"","overlay-color":"","overlay-opacity":"","overlay-gradient":""}},"footnotes":""},"class_list":["post-28","page","type-page","status-publish","hentry"],"_links":{"self":[{"href":"https:\/\/mrbenzholzbau.ch\/index.php\/wp-json\/wp\/v2\/pages\/28","targetHints":{"allow":["GET"]}}],"collection":[{"href":"https:\/\/mrbenzholzbau.ch\/index.php\/wp-json\/wp\/v2\/pages"}],"about":[{"href":"https:\/\/mrbenzholzbau.ch\/index.php\/wp-json\/wp\/v2\/types\/page"}],"author":[{"embeddable":true,"href":"https:\/\/mrbenzholzbau.ch\/index.php\/wp-json\/wp\/v2\/users\/1"}],"replies":[{"embeddable":true,"href":"https:\/\/mrbenzholzbau.ch\/index.php\/wp-json\/wp\/v2\/comments?post=28"}],"version-history":[{"count":11,"href":"https:\/\/mrbenzholzbau.ch\/index.php\/wp-json\/wp\/v2\/pages\/28\/revisions"}],"predecessor-version":[{"id":359,"href":"https:\/\/mrbenzholzbau.ch\/index.php\/wp-json\/wp\/v2\/pages\/28\/revisions\/359"}],"wp:attachment":[{"href":"https:\/\/mrbenzholzbau.ch\/index.php\/wp-json\/wp\/v2\/media?parent=28"}],"curies":[{"name":"wp","href":"https:\/\/api.w.org\/{rel}","templated":true}]}}