{"id":19,"date":"2024-02-19T12:10:34","date_gmt":"2024-02-19T12:10:34","guid":{"rendered":"https:\/\/mrbenzholzbau.ch\/?page_id=19"},"modified":"2024-02-21T08:03:56","modified_gmt":"2024-02-21T08:03:56","slug":"innenausbau","status":"publish","type":"page","link":"https:\/\/mrbenzholzbau.ch\/index.php\/innenausbau\/","title":{"rendered":"Innenausbauten"},"content":{"rendered":"<p>Ich biete individuelle Zimmermannsarbeiten wie zum Beispiel Innenverkleidungen aus Holz vom klassischen T\u00e4fer bis zur modernen Akustikpaneele.<\/p>\n<p>Verschiedene Arten von B\u00f6den wie Parkett Vinyl und Korkb\u00f6den.<\/p>\n<p>Div. Treppen und T\u00fcren.<\/p>\n<p>Sehr sch\u00f6ne und dekorative W\u00e4nde oder Decke<span style=\"font-size: 16px;\">n aus Altholz<\/span><span style=\"font-size: 16px;\">.\u00a0<\/span><\/p>\n<p>Einen Kellerraum zum gem\u00fctlichen Weinkeller ausbauen? Hier k\u00f6nnen Sie mit Familie &amp; Freunden sch\u00f6ne Stunden bei einem Glass Wein oder Raclette geniessen. Es gibt viele tolle Ideen die ich gerne f\u00fcr Sie umsetzen m\u00f6chte.<\/p>\n<p>&nbsp;<\/p>\n","protected":false},"excerpt":{"rendered":"<p>Ich biete individuelle Zimmermannsarbeiten wie zum Beispiel Innenverkleidungen aus Holz vom klassischen T\u00e4fer bis zur modernen Akustikpaneele. Verschiedene Arten von [&hellip;]<\/p>\n","protected":false},"author":1,"featured_media":0,"parent":0,"menu_order":0,"comment_status":"closed","ping_status":"closed","template":"","meta":{"site-sidebar-layout":"default","site-content-layout":"","ast-site-content-layout":"default","site-content-style":"default","site-sidebar-style":"default","ast-global-header-display":"","ast-banner-title-visibility":"","ast-main-header-display":"","ast-hfb-above-header-display":"","ast-hfb-below-header-display":"","ast-hfb-mobile-header-display":"","site-post-title":"","ast-breadcrumbs-content":"","ast-featured-img":"","footer-sml-layout":"","ast-disable-related-posts":"","theme-transparent-header-meta":"default","adv-header-id-meta":"","stick-header-meta":"","header-above-stick-meta":"","header-main-stick-meta":"","header-below-stick-meta":"","astra-migrate-meta-layouts":"set","ast-page-background-enabled":"default","ast-page-background-meta":{"desktop":{"background-color":"var(--ast-global-color-4)","background-image":"","background-repeat":"repeat","background-position":"center center","background-size":"auto","background-attachment":"scroll","background-type":"","background-media":"","overlay-type":"","overlay-color":"","overlay-opacity":"","overlay-gradient":""},"tablet":{"background-color":"","background-image":"","background-repeat":"repeat","background-position":"center center","background-size":"auto","background-attachment":"scroll","background-type":"","background-media":"","overlay-type":"","overlay-color":"","overlay-opacity":"","overlay-gradient":""},"mobile":{"background-color":"","background-image":"","background-repeat":"repeat","background-position":"center center","background-size":"auto","background-attachment":"scroll","background-type":"","background-media":"","overlay-type":"","overlay-color":"","overlay-opacity":"","overlay-gradient":""}},"ast-content-background-meta":{"desktop":{"background-color":"var(--ast-global-color-5)","background-image":"","background-repeat":"repeat","background-position":"center center","background-size":"auto","background-attachment":"scroll","background-type":"","background-media":"","overlay-type":"","overlay-color":"","overlay-opacity":"","overlay-gradient":""},"tablet":{"background-color":"var(--ast-global-color-5)","background-image":"","background-repeat":"repeat","background-position":"center center","background-size":"auto","background-attachment":"scroll","background-type":"","background-media":"","overlay-type":"","overlay-color":"","overlay-opacity":"","overlay-gradient":""},"mobile":{"background-color":"var(--ast-global-color-5)","background-image":"","background-repeat":"repeat","background-position":"center center","background-size":"auto","background-attachment":"scroll","background-type":"","background-media":"","overlay-type":"","overlay-color":"","overlay-opacity":"","overlay-gradient":""}},"footnotes":""},"class_list":["post-19","page","type-page","status-publish","hentry"],"_links":{"self":[{"href":"https:\/\/mrbenzholzbau.ch\/index.php\/wp-json\/wp\/v2\/pages\/19","targetHints":{"allow":["GET"]}}],"collection":[{"href":"https:\/\/mrbenzholzbau.ch\/index.php\/wp-json\/wp\/v2\/pages"}],"about":[{"href":"https:\/\/mrbenzholzbau.ch\/index.php\/wp-json\/wp\/v2\/types\/page"}],"author":[{"embeddable":true,"href":"https:\/\/mrbenzholzbau.ch\/index.php\/wp-json\/wp\/v2\/users\/1"}],"replies":[{"embeddable":true,"href":"https:\/\/mrbenzholzbau.ch\/index.php\/wp-json\/wp\/v2\/comments?post=19"}],"version-history":[{"count":9,"href":"https:\/\/mrbenzholzbau.ch\/index.php\/wp-json\/wp\/v2\/pages\/19\/revisions"}],"predecessor-version":[{"id":208,"href":"https:\/\/mrbenzholzbau.ch\/index.php\/wp-json\/wp\/v2\/pages\/19\/revisions\/208"}],"wp:attachment":[{"href":"https:\/\/mrbenzholzbau.ch\/index.php\/wp-json\/wp\/v2\/media?parent=19"}],"curies":[{"name":"wp","href":"https:\/\/api.w.org\/{rel}","templated":true}]}}